{"id":1474,"date":"2011-06-11T00:30:23","date_gmt":"2011-06-11T04:30:23","guid":{"rendered":"http:\/\/retrolab.ca\/elpopular\/?page_id=1474"},"modified":"2011-06-11T00:30:23","modified_gmt":"2011-06-11T04:30:23","slug":"columnistas-2","status":"publish","type":"page","link":"https:\/\/diarioelpopular.com\/index.php\/columnistas-2\/","title":{"rendered":"Columnistas"},"content":{"rendered":"<h2><a href=\"https:\/\/diarioelpopular.com\/category\/columnistas\/algo-mas-que-palabras\/\"><img loading=\"lazy\" decoding=\"async\" class=\"alignleft size-thumbnail wp-image-1475\" title=\"V\u00edctor Corcoba\" src=\"https:\/\/diarioelpopular.com\/wp-content\/uploads\/2011\/06\/V%C3%ADctor-Corcoba-150x150.jpg\" alt=\"\" width=\"150\" height=\"150\" \/><\/a>V\u00edctor Corcoba<a href=\"https:\/\/diarioelpopular.com\/category\/columnistas\/algo-mas-que-palabras\/\"><br \/>\nAlgo m\u00e1s que palabras<\/a><\/h2>\n<p>Comentario semanal de la actualidad, con un profundo an\u00e1lisis y desde una perspectiva diferente.<a href=\"mailto:vcorcoba@diarioelpopular.com\" target=\"_blank\"><br \/>\nvcorcoba@diarioelpopular.com<\/a><\/p>\n<h2><a href=\"https:\/\/diarioelpopular.com\/category\/columnistas\/atalaya\/\"><img loading=\"lazy\" decoding=\"async\" class=\"size-thumbnail wp-image-1480 alignleft\" title=\"Jorge Tadeo Lozano\" src=\"http:\/\/retrolab.ca\/elpopular\/wp-content\/uploads\/2011\/06\/FOTO-Atalaya-150x150.jpg\" alt=\"\" width=\"150\" height=\"150\" \/><\/a>Jorge Tadeo Lozano<br \/>\n<a href=\"https:\/\/diarioelpopular.com\/category\/columnistas\/atalaya\/\">Atalaya<\/a><\/h2>\n<p>Senador, profesor, escritor y doctor en derecho pol\u00edtico, Jorge Tadeo Lozano nos seduce con esa visi\u00f3n de contraste desconocida para muchos del mundo congresal, vivido intensamente por \u00e9l en Colombia, y con el enfoque diferente de los temas universales, desde la \u00f3ptica verde-ambiental en que se deleita intelectualmente en este momento.<br \/>\n<a href=\"mailto:jotalos@diarioelpopular.com\" target=\"_blank\">jotalos@diarioelpopular.com<\/a><\/p>\n<h2><a href=\"https:\/\/diarioelpopular.com\/category\/columnistas\/inmigrando-a-canada\/\"><img loading=\"lazy\" decoding=\"async\" class=\"alignleft size-thumbnail wp-image-1483\" title=\"Vilma Filici\" src=\"https:\/\/diarioelpopular.com\/wp-content\/uploads\/2011\/06\/VILMA-FILICI-foto-150x150.jpg\" alt=\"\" width=\"150\" height=\"150\" \/><\/a>Vilma Filici<br \/>\n<a href=\"https:\/\/diarioelpopular.com\/category\/columnistas\/inmigracion\/\">Inmigrando a Canad\u00e1<\/a><\/h2>\n<p>Presidenta de Filici Immigration Services Inc., Vilma Filici es la coordinadora acad\u00e9mica encargada del desarrollo e implementaci\u00f3n del curr\u00edculo y profesora principal del programa de leyes de inmigraci\u00f3n del Seneca College en Canad\u00e1. Ha escrito para varios peri\u00f3dicos, ofrece conferencias y seminarios sobre inmigraci\u00f3n y es consultada por los medios como asesora. Posee certificaci\u00f3n post grado en leyes de inmigraci\u00f3n y una licenciatura.<br \/>\n<a href=\"mailto:vfilici@diarioelpopular.com\" target=\"_blank\">vfilici@diarioelpopular.com<\/a><\/p>\n<h2><a href=\"https:\/\/diarioelpopular.com\/category\/columnistas\/temas-intocables\/\"><img loading=\"lazy\" decoding=\"async\" class=\"alignleft size-thumbnail wp-image-1490\" title=\"Sergio Mart\u00ednez\" src=\"https:\/\/diarioelpopular.com\/wp-content\/uploads\/2011\/06\/sergio-martinez-150x150.jpg\" alt=\"\" width=\"150\" height=\"150\" \/><\/a>Sergio Mart\u00ednez<br \/>\n<a href=\"https:\/\/diarioelpopular.com\/category\/columnistas\/temas-intocables\/\">Temas intocables<\/a><\/h2>\n<p>Un pol\u00e9mico y entretenido art\u00edculo cada semana que no deja indiferente.<a href=\"mailto:smartinez@diarioelpopular.com\" target=\"_blank\"><br \/>\nsmartinez@diarioelpopular.com<\/a><\/p>\n<p>&nbsp;<\/p>\n<h2><a href=\"https:\/\/diarioelpopular.com\/category\/columnistas\/futbol\/\"><img loading=\"lazy\" decoding=\"async\" class=\"alignleft size-thumbnail wp-image-1493\" title=\"Hugo Vera M\u00e9ndez\" src=\"https:\/\/diarioelpopular.com\/wp-content\/uploads\/2011\/06\/Foto-Hugo-Vera-150x150.jpg\" alt=\"\" width=\"150\" height=\"150\" \/><\/a>Hugo Vera M\u00e9ndez<br \/>\n<a href=\"https:\/\/diarioelpopular.com\/category\/columnistas\/espectaculo\/\">Espect\u00e1culo<\/a> | <a href=\"https:\/\/diarioelpopular.com\/category\/columnistas\/futbol\/\">Notas del f\u00fatbol hispano<\/a><\/h2>\n<p>En <em><a href=\"https:\/\/diarioelpopular.com\/category\/columnistas\/espectaculo\/\">Espect\u00e1culo<\/a>, <\/em>Hugo Vera nos comenta todo lo relacionado con el mundo de los escenarios de una manera amena, entretenida y distinta, arrojando todas &#8220;las luces&#8221; que estos extraordinarios artistas se merecen. En sus <a href=\"https:\/\/diarioelpopular.com\/category\/columnistas\/futbol\/\"><em>Notas del f\u00fatbol hispano<\/em><\/a> cambia de registro para acercarnos toda la actualidad de nuestro f\u00fatbol, desde las estrellas y los grandes equipos al deporte local y de barrio. <a href=\"mailto:hvera@diarioelpopular.com\" target=\"_blank\">hvera@diarioelpopular.com<\/a><\/p>\n<h2><a href=\"https:\/\/diarioelpopular.com\/category\/columnistas\/farandula\/\"><img loading=\"lazy\" decoding=\"async\" class=\"alignleft size-thumbnail wp-image-1498\" title=\"Rossana Azuero 10-22\" src=\"https:\/\/diarioelpopular.com\/wp-content\/uploads\/2011\/06\/Rossana-Azuero-10-22-150x150.jpg\" alt=\"\" width=\"150\" height=\"150\" \/><\/a><a href=\"https:\/\/diarioelpopular.com\/category\/columnistas\/farandula\/\">Rossana Azuero<\/a><\/h2>\n<p>Nacida en Colombia y corresponsal en Palm Beach, EE UU, la comunicadora Rossana Azuero posee una vasta experiencia en los medios de comunicaci\u00f3n. El mundo del espect\u00e1culo y de la m\u00fasica, los grandes artistas y los famosos son su territorio.<br \/>\n<a href=\"mailto:razuero@diarioelpopular.com\" target=\"_blank\">razuero@diarioelpopular.com<\/a><\/p>\n<h2><a href=\"https:\/\/diarioelpopular.com\/category\/columnistas\/hablemos-de-cine\/\"><img loading=\"lazy\" decoding=\"async\" class=\"alignleft size-thumbnail wp-image-1500\" title=\"Jorge Gutman\" src=\"https:\/\/diarioelpopular.com\/wp-content\/uploads\/2011\/06\/FOTO-JORGE-GUTMAN_2010-150x150.jpg\" alt=\"\" width=\"150\" height=\"150\" \/><\/a>Jorge Gutman<br \/>\n<a href=\"https:\/\/diarioelpopular.com\/category\/columnistas\/hablemos-de-cine\/\">Hablemos de cine<\/a><\/h2>\n<p>La mejor y m\u00e1s completa informaci\u00f3n semanal para orientarse en el mundo del celul\u00f3ide.<a href=\"mailto:jgutman@diarioelpopular.com\" target=\"_blank\"><br \/>\njgutman@diarioelpopular.com<\/a><\/p>\n<h2><a href=\"https:\/\/diarioelpopular.com\/category\/columnistas\/mascotas\/\"><img loading=\"lazy\" decoding=\"async\" class=\"alignleft size-thumbnail wp-image-1503\" title=\"Profesor Pelusa\" src=\"http:\/\/retrolab.ca\/elpopular\/wp-content\/uploads\/2011\/06\/Profesor-Pelusa2-150x150.jpg\" alt=\"\" width=\"150\" height=\"150\" \/><\/a>Guillermo Elzo (Profesor Pelusa)<br \/>\n<a href=\"https:\/\/diarioelpopular.com\/category\/columnistas\/mascotas\/\">Mascotas<\/a><\/h2>\n<p>Perros, gatos, peces, aves, tortugas&#8230; Todo sobre nuestros queridos animales dom\u00e9sticos.<br \/>\n<a href=\"mailto:profesorpelusa@diarioelpopular.com\" target=\"_blank\">profesorpelusa@diarioelpopular.com<\/a><\/p>\n","protected":false},"excerpt":{"rendered":"<p>V\u00edctor Corcoba Algo m\u00e1s que palabras Comentario semanal de la actualidad, con un profundo an\u00e1lisis y desde una perspectiva diferente. vcorcoba@diarioelpopular.com Jorge Tadeo Lozano Atalaya&hellip;<\/p>\n","protected":false},"author":1,"featured_media":0,"parent":0,"menu_order":0,"comment_status":"closed","ping_status":"open","template":"","meta":{"footnotes":""},"class_list":["post-1474","page","type-page","status-publish","hentry"],"_links":{"self":[{"href":"https:\/\/diarioelpopular.com\/index.php\/wp-json\/wp\/v2\/pages\/1474","targetHints":{"allow":["GET"]}}],"collection":[{"href":"https:\/\/diarioelpopular.com\/index.php\/wp-json\/wp\/v2\/pages"}],"about":[{"href":"https:\/\/diarioelpopular.com\/index.php\/wp-json\/wp\/v2\/types\/page"}],"author":[{"embeddable":true,"href":"https:\/\/diarioelpopular.com\/index.php\/wp-json\/wp\/v2\/users\/1"}],"replies":[{"embeddable":true,"href":"https:\/\/diarioelpopular.com\/index.php\/wp-json\/wp\/v2\/comments?post=1474"}],"version-history":[{"count":0,"href":"https:\/\/diarioelpopular.com\/index.php\/wp-json\/wp\/v2\/pages\/1474\/revisions"}],"wp:attachment":[{"href":"https:\/\/diarioelpopular.com\/index.php\/wp-json\/wp\/v2\/media?parent=1474"}],"curies":[{"name":"wp","href":"https:\/\/api.w.org\/{rel}","templated":true}]}}