{"id":148438,"date":"2012-01-20T09:28:23","date_gmt":"2012-01-20T14:28:23","guid":{"rendered":"http:\/\/diarioelpopular.com\/?page_id=148438"},"modified":"2012-01-20T09:28:23","modified_gmt":"2012-01-20T14:28:23","slug":"sorteo-de-san-valentin-2012","status":"publish","type":"page","link":"https:\/\/diarioelpopular.com\/index.php\/sorteo-de-san-valentin-2012\/","title":{"rendered":"Sorteo de San Valent\u00edn 2012"},"content":{"rendered":"<div id=\"attachment_148439\" style=\"width: 710px\" class=\"wp-caption aligncenter\"><a href=\"https:\/\/diarioelpopular.com\/wp-content\/uploads\/2012\/01\/CONCURSO-2012-color.jpg\"><img loading=\"lazy\" decoding=\"async\" aria-describedby=\"caption-attachment-148439\" class=\"size-full wp-image-148439\" title=\"Concurso San Valent\u00edn 2012. Diario El Popular\" src=\"https:\/\/diarioelpopular.com\/wp-content\/uploads\/2012\/01\/CONCURSO-2012-color.jpg\" alt=\"\" width=\"700\" height=\"2084\" \/><\/a><p id=\"caption-attachment-148439\" class=\"wp-caption-text\">Env\u00ede un correo electr\u00f3nico a la direcci\u00f3n indicada o imprima y recorte el cup\u00f3n para correo tradicional<\/p><\/div>\n","protected":false},"excerpt":{"rendered":"","protected":false},"author":1,"featured_media":0,"parent":0,"menu_order":0,"comment_status":"closed","ping_status":"open","template":"","meta":{"footnotes":""},"class_list":["post-148438","page","type-page","status-publish","hentry"],"_links":{"self":[{"href":"https:\/\/diarioelpopular.com\/index.php\/wp-json\/wp\/v2\/pages\/148438","targetHints":{"allow":["GET"]}}],"collection":[{"href":"https:\/\/diarioelpopular.com\/index.php\/wp-json\/wp\/v2\/pages"}],"about":[{"href":"https:\/\/diarioelpopular.com\/index.php\/wp-json\/wp\/v2\/types\/page"}],"author":[{"embeddable":true,"href":"https:\/\/diarioelpopular.com\/index.php\/wp-json\/wp\/v2\/users\/1"}],"replies":[{"embeddable":true,"href":"https:\/\/diarioelpopular.com\/index.php\/wp-json\/wp\/v2\/comments?post=148438"}],"version-history":[{"count":0,"href":"https:\/\/diarioelpopular.com\/index.php\/wp-json\/wp\/v2\/pages\/148438\/revisions"}],"wp:attachment":[{"href":"https:\/\/diarioelpopular.com\/index.php\/wp-json\/wp\/v2\/media?parent=148438"}],"curies":[{"name":"wp","href":"https:\/\/api.w.org\/{rel}","templated":true}]}}