{"id":451327,"date":"2011-05-31T20:56:58","date_gmt":"2011-06-01T00:56:58","guid":{"rendered":"http:\/\/retrolab.ca\/elpopular\/?page_id=244"},"modified":"2022-10-03T09:23:05","modified_gmt":"2022-10-03T13:23:05","slug":"contact-us","status":"publish","type":"page","link":"https:\/\/diarioelpopular.com\/index.php\/contact-us\/","title":{"rendered":"Contact Us"},"content":{"rendered":"<p>Own by: Online El Popular Ltd.<\/p>\n<p>Tel\u00e9fono:\u00a0416-531-2495<\/p>\n<p>Directora: Marcela Aranda. marsaranda@hotmail.com<\/p>\n<p>onlinediarioelpopular.com<\/p>\n<p>Editor: Eduardo Urue\u00f1a. editor@diarioelpopular.com<\/p>\n<p>Informaci\u00f3n: nixa@diarioelpopular.com<br \/>\nEnv\u00edo de avisos: online@diarioelpopular.com<\/p>\n<p><strong>Columnistas<\/strong><\/p>\n<p><a href=\"mailto:jotalos@diarioelpopular.com\" target=\"_blank\" rel=\"noopener\"><br \/>\n<\/a>HABLEMOS DE CINE &#8211; Jorge Gutman:\u00a0<a href=\"mailto:jgutman@diarioelpopular.com\" target=\"_blank\" rel=\"noopener\">jgutman@diarioelpopular.com<\/a><a href=\"mailto:hvera@diarioelpopular.com\" target=\"_blank\" rel=\"noopener\"><br \/>\n<\/a>ALGO MAS QUE PALABRAS &#8211; Victor Corcoba:\u00a0<a href=\"mailto:vcorcoba@diarioelpopular.com\" target=\"_blank\" rel=\"noopener\">vcorcoba@diarioelpopular.com<\/a><a href=\"mailto:razuero@diarioelpopular.com\" target=\"_blank\" rel=\"noopener\"><br \/>\n<\/a>INMIGRACION &#8211; Vilma Filici:\u00a0<a href=\"mailto:vfilici@diarioelpopular.com\" target=\"_blank\" rel=\"noopener\">vfilici@diarioelpopular.com<br \/>\n<\/a><\/p>\n","protected":false},"excerpt":{"rendered":"<p>Own by: Online El Popular Ltd. Tel\u00e9fono:\u00a0416-531-2495 Directora: Marcela Aranda. marsaranda@hotmail.com onlinediarioelpopular.com Editor: Eduardo Urue\u00f1a. editor@diarioelpopular.com Informaci\u00f3n: nixa@diarioelpopular.com Env\u00edo de avisos: online@diarioelpopular.com Columnistas HABLEMOS DE&hellip;<\/p>\n","protected":false},"author":95,"featured_media":0,"parent":0,"menu_order":0,"comment_status":"closed","ping_status":"open","template":"","meta":{"footnotes":""},"class_list":["post-451327","page","type-page","status-publish","hentry"],"_links":{"self":[{"href":"https:\/\/diarioelpopular.com\/index.php\/wp-json\/wp\/v2\/pages\/451327","targetHints":{"allow":["GET"]}}],"collection":[{"href":"https:\/\/diarioelpopular.com\/index.php\/wp-json\/wp\/v2\/pages"}],"about":[{"href":"https:\/\/diarioelpopular.com\/index.php\/wp-json\/wp\/v2\/types\/page"}],"author":[{"embeddable":true,"href":"https:\/\/diarioelpopular.com\/index.php\/wp-json\/wp\/v2\/users\/95"}],"replies":[{"embeddable":true,"href":"https:\/\/diarioelpopular.com\/index.php\/wp-json\/wp\/v2\/comments?post=451327"}],"version-history":[{"count":5,"href":"https:\/\/diarioelpopular.com\/index.php\/wp-json\/wp\/v2\/pages\/451327\/revisions"}],"predecessor-version":[{"id":505812,"href":"https:\/\/diarioelpopular.com\/index.php\/wp-json\/wp\/v2\/pages\/451327\/revisions\/505812"}],"wp:attachment":[{"href":"https:\/\/diarioelpopular.com\/index.php\/wp-json\/wp\/v2\/media?parent=451327"}],"curies":[{"name":"wp","href":"https:\/\/api.w.org\/{rel}","templated":true}]}}