{"id":461021,"date":"2015-03-31T13:56:25","date_gmt":"2015-03-31T17:56:25","guid":{"rendered":"http:\/\/diarioelpopular.com\/?page_id=461021"},"modified":"2015-03-31T13:56:33","modified_gmt":"2015-03-31T17:56:33","slug":"una-huelga-paraliza-argentina-a-cuatro-meses-de-las-presidenciales","status":"publish","type":"page","link":"https:\/\/diarioelpopular.com\/index.php\/una-huelga-paraliza-argentina-a-cuatro-meses-de-las-presidenciales\/","title":{"rendered":"Una huelga paraliza Argentina a cuatro meses de las presidenciales"},"content":{"rendered":"<div id=\"attachment_461024\" style=\"width: 570px\" class=\"wp-caption aligncenter\"><a href=\"https:\/\/diarioelpopular.com\/wp-content\/uploads\/2015\/03\/1427800729_766008_1427820045_noticia_normal.jpg\"><img loading=\"lazy\" decoding=\"async\" aria-describedby=\"caption-attachment-461024\" class=\"size-full wp-image-461024\" src=\"https:\/\/diarioelpopular.com\/wp-content\/uploads\/2015\/03\/1427800729_766008_1427820045_noticia_normal.jpg\" alt=\"Los manifestantes bloquean una carretera de Buenos Aires. \" width=\"560\" height=\"373\" \/><\/a><p id=\"caption-attachment-461024\" class=\"wp-caption-text\">Los manifestantes bloquean una carretera de Buenos Aires.<\/p><\/div>\n<p style=\"color: #333333\">BUENOS AIRES.- Argentina amaneci\u00f3 este martes paralizada por una huelga que no ha sido catalogada como general pero que ha ido sumando sindicatos de diversos sectores econ\u00f3micos y pol\u00edticos. Todo comenz\u00f3 como un paro de los trabajadores del transporte, desde los trenes y los<em>colectivos<\/em>\u00a0(autobuses) hasta el\u00a0<em>subte<\/em>\u00a0(metro) y los aviones, pero con el correr de los d\u00edas previos a la medida de fuerza se han ido sumando otros como los de empleados de bancos, los de gasolineras y los recolectores de residuos.\u00a0<a style=\"color: #016ca2\" href=\"http:\/\/internacional.elpais.com\/internacional\/2012\/10\/11\/actualidad\/1349969525_035257.html\">Dos sindicatos identificados<\/a>\u00a0con el Gobierno de la peronista\u00a0<a style=\"color: #016ca2\" href=\"http:\/\/elpais.com\/tag\/cristina_fernandez_de_kirchner\/a\/\">Cristina Fern\u00e1ndez de Kirchner<\/a>, los de ch\u00f3feres de autob\u00fas y locomotoras, encabezan la huelga que ha logrado una adhesi\u00f3n un\u00e1nime de los opositores.<\/p>\n<p style=\"color: #333333\">Protestan contra la falta de actualizaci\u00f3n por inflaci\u00f3n del impuesto a la renta, pero tambi\u00e9n est\u00e1n midiendo fuerzas entre s\u00ed y ofreciendo un mensaje de fortaleza frente a los candidatos presidenciales que se medir\u00e1n en las primarias del pr\u00f3ximo 9 de agosto.<\/p>\n<p style=\"color: #333333\">A la falta de medios de transporte p\u00fablico desde la medianoche del martes se han sumado los piquetes que los militantes del trotskista y opositor Frente de Izquierda han montado en las carreteras de acceso a Buenos Aires. Esta es la raz\u00f3n por la que muchos empleados de otros sindicatos que no se adhieren a la huelga tampoco han podido asistir a su trabajo. Por ejemplo, la medida merm\u00f3 la asistencia de docentes y alumnos a las escuelas. La prensa de las otras principales ciudades de Argentina, como C\u00f3rdoba, Rosario, Tucum\u00e1n, Mendoza y La Plata, informa de que tambi\u00e9n all\u00ed impacta el paro.<\/p>\n<p style=\"color: #333333\">&#8220;Hubiera trabajado el 95% de la gente, pero no pueden porque no tienen con qu\u00e9 viajar&#8221;, opin\u00f3 esta ma\u00f1ana\u00a0<a style=\"color: #016ca2\" href=\"http:\/\/internacional.elpais.com\/internacional\/2015\/02\/26\/actualidad\/1424982511_376487.html\">el jefe de Gabinete de Ministros, An\u00edbal Fern\u00e1ndez<\/a>. El tambi\u00e9n candidato presidencial para las primarias kirchneristas, uno entre seis contendientes, insisti\u00f3 en calificar el paro de \u201cpol\u00edtico\u201d. Un d\u00eda antes,\u00a0<a style=\"color: #016ca2\" href=\"http:\/\/elpais.com\/tag\/axel_kicillof\/a\/\">el ministro de Econom\u00eda, Axel Kicillof<\/a>, hab\u00eda calculado que el impuesto a la renta afecta solo a \u201centre el 10% y el 15% de los trabajadores\u201d.<\/p>\n<p style=\"color: #333333\">Un art\u00edculo del portal de noticias Infobae advert\u00eda este lunes que hasta el 27% de los empleados estar\u00edan incluidos entre los contribuyentes de este tributo, no solo oficinistas de altas n\u00f3minas. Adem\u00e1s, la inflaci\u00f3n asciende al 29,9% anual, seg\u00fan agencias provinciales de estad\u00edstica, y los sindicatos temen que los aumentos salariales que se negociar\u00e1n este a\u00f1o sean absorbidos en buena medida por el gravamen a la renta.<\/p>\n<p style=\"color: #333333\">Cuando faltan cuatro meses y pocos d\u00edas para las primarias presidenciales, la huelga tambi\u00e9n supone un mensaje de fortaleza pol\u00edtica de los sindicalistas\u00a0<a style=\"color: #016ca2\" href=\"http:\/\/internacional.elpais.com\/internacional\/2015\/03\/01\/actualidad\/1425237885_846228.html\">para los candidatos kirchneristas<\/a>\u00a0y opositores. Los tres favoritos son el kirchnerista moderado Daniel Scioli, el peronista opositor Sergio Massa y el conservador Mauricio Macri. La falta de actualizaci\u00f3n por la inflaci\u00f3n del IRPF es en s\u00ed un ajuste. En el segundo pa\u00eds con m\u00e1s\u00a0<a style=\"color: #016ca2\" href=\"http:\/\/blogs.elpais.com\/eco-americano\/2011\/12\/sindicatos-fuertes-sindicatos-d%C3%A9biles.html\">afiliaci\u00f3n sindical de Latinoam\u00e9rica<\/a>\u00a0(37%, solo por debajo de Cuba), uno de los l\u00edderes sindicales del transporte, Juan Schmid, advirti\u00f3: \u201cFijamos una actitud ante este Gobierno y tambi\u00e9n ante los que vengan a sucederlo en este mandato\u201d.<\/p>\n<p style=\"color: #333333\">Adem\u00e1s, supone una demostraci\u00f3n de fuerza entre los principales sindicalistas:\u00a0<a style=\"color: #016ca2\" href=\"http:\/\/internacional.elpais.com\/internacional\/2013\/07\/08\/actualidad\/1373291142_719106.html\">ya no son solo los opositores como el camionero Hugo Moyano los que paralizan Argentina<\/a>, como en las tres anteriores huelgas generales entre 2012\u00a0<a style=\"color: #016ca2\" href=\"http:\/\/economia.elpais.com\/economia\/2014\/08\/28\/actualidad\/1409180751_473694.html\">y 2014<\/a>, sino los que hasta este momento han sido kirchneristas pero ahora desaf\u00edan a Cristina Fern\u00e1ndez, como Roberto Fern\u00e1ndez, de los autobuses, y Omar Maturano, de los trenes.<\/p>\n","protected":false},"excerpt":{"rendered":"<p>BUENOS AIRES.- Argentina amaneci\u00f3 este martes paralizada por una huelga que no ha sido catalogada como general pero que ha ido sumando sindicatos de diversos&hellip;<\/p>\n","protected":false},"author":5842,"featured_media":0,"parent":0,"menu_order":0,"comment_status":"open","ping_status":"open","template":"","meta":{"footnotes":""},"class_list":["post-461021","page","type-page","status-publish","hentry"],"_links":{"self":[{"href":"https:\/\/diarioelpopular.com\/index.php\/wp-json\/wp\/v2\/pages\/461021","targetHints":{"allow":["GET"]}}],"collection":[{"href":"https:\/\/diarioelpopular.com\/index.php\/wp-json\/wp\/v2\/pages"}],"about":[{"href":"https:\/\/diarioelpopular.com\/index.php\/wp-json\/wp\/v2\/types\/page"}],"author":[{"embeddable":true,"href":"https:\/\/diarioelpopular.com\/index.php\/wp-json\/wp\/v2\/users\/5842"}],"replies":[{"embeddable":true,"href":"https:\/\/diarioelpopular.com\/index.php\/wp-json\/wp\/v2\/comments?post=461021"}],"version-history":[{"count":2,"href":"https:\/\/diarioelpopular.com\/index.php\/wp-json\/wp\/v2\/pages\/461021\/revisions"}],"predecessor-version":[{"id":461027,"href":"https:\/\/diarioelpopular.com\/index.php\/wp-json\/wp\/v2\/pages\/461021\/revisions\/461027"}],"wp:attachment":[{"href":"https:\/\/diarioelpopular.com\/index.php\/wp-json\/wp\/v2\/media?parent=461021"}],"curies":[{"name":"wp","href":"https:\/\/api.w.org\/{rel}","templated":true}]}}