{"id":518646,"date":"2024-06-11T09:52:54","date_gmt":"2024-06-11T13:52:54","guid":{"rendered":"https:\/\/diarioelpopular.com\/?page_id=518646"},"modified":"2024-06-11T09:52:54","modified_gmt":"2024-06-11T13:52:54","slug":"carteles-y-otros-grupos-criminales-operan-a-lo-largo-de-la-frontera-entre-canada-y-estados-unidos","status":"publish","type":"page","link":"https:\/\/diarioelpopular.com\/index.php\/carteles-y-otros-grupos-criminales-operan-a-lo-largo-de-la-frontera-entre-canada-y-estados-unidos\/","title":{"rendered":"C\u00e1rteles y otros grupos criminales operan a lo largo de la frontera entre Canad\u00e1 y Estados Unidos"},"content":{"rendered":"<p><img loading=\"lazy\" decoding=\"async\" class=\"alignnone size-custom-full-size wp-image-518647\" src=\"https:\/\/diarioelpopular.com\/wp-content\/uploads\/2024\/06\/Screen-Shot-2024-06-11-at-9.51.45-AM-636x491.png\" alt=\"\" width=\"636\" height=\"491\" srcset=\"https:\/\/diarioelpopular.com\/wp-content\/uploads\/2024\/06\/Screen-Shot-2024-06-11-at-9.51.45-AM-636x491.png 636w, https:\/\/diarioelpopular.com\/wp-content\/uploads\/2024\/06\/Screen-Shot-2024-06-11-at-9.51.45-AM-300x232.png 300w, https:\/\/diarioelpopular.com\/wp-content\/uploads\/2024\/06\/Screen-Shot-2024-06-11-at-9.51.45-AM-768x593.png 768w, https:\/\/diarioelpopular.com\/wp-content\/uploads\/2024\/06\/Screen-Shot-2024-06-11-at-9.51.45-AM-95x73.png 95w, https:\/\/diarioelpopular.com\/wp-content\/uploads\/2024\/06\/Screen-Shot-2024-06-11-at-9.51.45-AM.png 1024w\" sizes=\"auto, (max-width: 636px) 100vw, 636px\" \/><\/p>\n<p>&nbsp;<\/p>\n<ul>\n<li><em><strong>Se trafican drogas, armas y seres humanos a trav\u00e9s de la frontera.<\/strong><\/em><\/li>\n<\/ul>\n<p>&nbsp;<\/p>\n<p>El creciente poder del crimen organizado transnacional a lo largo de la frontera entre Canad\u00e1 y Estados Unidos significa que la cooperaci\u00f3n transfronteriza entre las fuerzas del orden es m\u00e1s importante que nunca, Dijo el ministro de Seguridad P\u00fablica, de B.C. Mike Farnworth.<\/p>\n<p>Farnworth asisti\u00f3 a una conferencia de agencias policiales de ambos lados de la frontera en Esquimalt para discutir \u201clos desaf\u00edos que ambos enfrentamos y c\u00f3mo los afrontamos\u201d.<\/p>\n<p>&#8220;Tenemos muchos problemas en la frontera, ya sea armas que van en ambos sentidos o el tema del contrabando que ha estado en las noticias&#8221;, dijo a Postmedia News. &#8220;As\u00ed que hay muchos&#8230; intereses comunes, particularmente cuando se trata del crimen organizado&#8221;.<\/p>\n<p>La semana pasada, el Departamento de Justicia de Estados Unidos anunci\u00f3 cargos de tr\u00e1fico de personas contra dos hombres que supuestamente transportaron a ciudadanos mexicanos desde B.C. al estado de Washington en trenes de carga. Los funcionarios estadounidenses tambi\u00e9n dijeron que hubo un aumento en el tr\u00e1fico de personas desde Canad\u00e1 a Estados Unidos durante el \u00faltimo a\u00f1o.<\/p>\n<p>Farnworth dijo que \u201ces un poco dif\u00edcil decir qu\u00e9 grupos del crimen organizado transnacional est\u00e1n detr\u00e1s\u201d del tr\u00e1fico de personas.<\/p>\n<p>\u201cCreo que hay una combinaci\u00f3n de factores que han ayudado a que\u2026 aumente\u201d, dijo, y agreg\u00f3 que el problema condujo en parte a la reciente decisi\u00f3n del gobierno federal de volver a imponer visas para la mayor\u00eda de los mexicanos. \u201cSospecho que son las pandillas las que ven una oportunidad aqu\u00ed y tienen v\u00ednculos con grupos organizados, ya sea en Estados Unidos o tambi\u00e9n en M\u00e9xico\u201d.<\/p>\n<p>El jefe de la Patrulla del estado de Washington, John Batiste, dijo que los c\u00e1rteles mexicanos han ampliado sus operaciones a lo largo de la frontera entre Canad\u00e1 y Estados Unidos.<\/p>\n<p>&#8220;En el estado de Washington y en todo&#8230; Estados Unidos, estamos viendo que los c\u00e1rteles en realidad son responsables de lo que creemos que son muchas de las actividades ilegales que tienen lugar&#8221;, dijo Batiste, quien tambi\u00e9n asisti\u00f3 al foro del viernes.<\/p>\n<p>Los c\u00e1rteles ahora se han \u201cinstalado\u201d dentro de su estado para producir fentanilo con la ayuda de grupos criminales locales. En algunos casos, traen a sus propios expertos, dijo Batiste.<\/p>\n<p>&#8220;Todos est\u00e1n luchando por territorio y por la capacidad de mover productos y, por supuesto, ganar desde el punto de vista de las ganancias&#8221;, dijo.<\/p>\n<p>El subcomisionado de la RCMP, Dwayne McDonald, dijo que la misma tendencia est\u00e1 ocurriendo en B.C. en t\u00e9rminos de producci\u00f3n de fentanilo y metanfetamina.<\/p>\n<p>Y dijo que el foro anual, que fue el primero celebrado desde que comenz\u00f3 el COVID-19 en 2020, permite a las agencias estadounidenses y canadienses \u201ccompartir mejores pr\u00e1cticas y tendencias delictivas\u201d.<\/p>\n<p>&#8220;Ha sido realmente beneficioso para cada agencia individual involucrada, pero tambi\u00e9n para nuestros equipos integrados con los que trabajamos&#8221;, anot\u00f3 McDonald, quien dirige la Divisi\u00f3n E de B.C.<\/p>\n<p>Adem\u00e1s de las operaciones de contrabando ilegal, el foro analiz\u00f3 las tendencias en el \u00e1mbito de las armas de fuego il\u00edcitas. Si bien Estados Unidos ha sido tradicionalmente una fuente clave para B.C. Las armas criminales, las \u201carmas fantasma\u201d caseras impresas en 3D, se han convertido en un gran problema en ambos pa\u00edses.<\/p>\n<p>\u201cCiertamente hemos visto una proliferaci\u00f3n de esas armas aqu\u00ed en British Columbia\u201d, dijo McDonald, y agreg\u00f3 que las pandillas todav\u00eda utilizan otras armas de fuego.<\/p>\n<p>\u201cPero cada vez m\u00e1s, producir esas armas es el producto con mejor margen de ganancias para el crimen organizado. Y como sabes, con Internet puedes conseguir estos materiales e impresoras en cualquier lugar. Son baratos y los&#8230; archivos de software electr\u00f3nicos que necesita para poder colocarlos en la computadora e imprimirlos son de f\u00e1cil acceso. Puede obtenerlos en l\u00ednea en cuesti\u00f3n de minutos\u201d.<\/p>\n<p>Los componentes de las armas fantasma se est\u00e1n contrabandeando a trav\u00e9s de la frontera &#8220;porque, en general, son m\u00e1s f\u00e1ciles de contrabandear o de ocultar, y en algunos casos no es ilegal importarlos, as\u00ed que creo que veremos m\u00e1s de eso&#8221;. ,&#8221; agreg\u00f3.<\/p>\n<p>Postmedia realiz\u00f3 recientemente una investigaci\u00f3n sobre los v\u00ednculos cada vez m\u00e1s internacionales de pandillas en B.C., incluido su papel en el contrabando de metanfetamina mexicana a Australia y Nueva Zelanda a trav\u00e9s del puerto de Vancouver, que al igual que otros puertos canadienses, no tiene una fuerza policial dedicada.<\/p>\n<p>McDonald dijo que se utilizar\u00edan una variedad de m\u00e9todos de contrabando para llevar la metanfetamina de M\u00e9xico a British Columbia y extender las redes a lo largo del pa\u00eds.<\/p>\n<p>&#8220;Los diferentes grupos criminales organizados con los que tratamos conocen bien no s\u00f3lo el transporte comercial por cami\u00f3n, (sino tambi\u00e9n) el ferrocarril, el mar, los contenedores y los puertos&#8221;, afirm\u00f3. &#8220;Hemos reconocido y estamos haciendo esfuerzos para abordar esos problemas en la seguridad portuaria&#8221;.<\/p>\n<p>McDonald dijo que los jefes de polic\u00eda est\u00e1n trabajando con el gobierno federal para tratar de abordar los problemas de vigilancia portuaria.<\/p>\n<p>&#8220;Pero creo que, lamentablemente, existen m\u00faltiples oleoductos que el crimen organizado puede utilizar si se lo propone&#8221;.<\/p>\n","protected":false},"excerpt":{"rendered":"<p>&nbsp; Se trafican drogas, armas y seres humanos a trav\u00e9s de la frontera. &nbsp; El creciente poder del crimen organizado transnacional a lo largo de&hellip;<\/p>\n","protected":false},"author":99,"featured_media":518647,"parent":0,"menu_order":0,"comment_status":"closed","ping_status":"closed","template":"","meta":{"footnotes":""},"class_list":["post-518646","page","type-page","status-publish","has-post-thumbnail","hentry"],"_links":{"self":[{"href":"https:\/\/diarioelpopular.com\/index.php\/wp-json\/wp\/v2\/pages\/518646","targetHints":{"allow":["GET"]}}],"collection":[{"href":"https:\/\/diarioelpopular.com\/index.php\/wp-json\/wp\/v2\/pages"}],"about":[{"href":"https:\/\/diarioelpopular.com\/index.php\/wp-json\/wp\/v2\/types\/page"}],"author":[{"embeddable":true,"href":"https:\/\/diarioelpopular.com\/index.php\/wp-json\/wp\/v2\/users\/99"}],"replies":[{"embeddable":true,"href":"https:\/\/diarioelpopular.com\/index.php\/wp-json\/wp\/v2\/comments?post=518646"}],"version-history":[{"count":1,"href":"https:\/\/diarioelpopular.com\/index.php\/wp-json\/wp\/v2\/pages\/518646\/revisions"}],"predecessor-version":[{"id":518648,"href":"https:\/\/diarioelpopular.com\/index.php\/wp-json\/wp\/v2\/pages\/518646\/revisions\/518648"}],"wp:featuredmedia":[{"embeddable":true,"href":"https:\/\/diarioelpopular.com\/index.php\/wp-json\/wp\/v2\/media\/518647"}],"wp:attachment":[{"href":"https:\/\/diarioelpopular.com\/index.php\/wp-json\/wp\/v2\/media?parent=518646"}],"curies":[{"name":"wp","href":"https:\/\/api.w.org\/{rel}","templated":true}]}}