{"id":533359,"date":"2025-06-24T10:23:48","date_gmt":"2025-06-24T14:23:48","guid":{"rendered":"https:\/\/diarioelpopular.com\/?page_id=533359"},"modified":"2025-06-24T10:23:48","modified_gmt":"2025-06-24T14:23:48","slug":"imagenes-de-dron-de-la-policia-de-durham-capturan-el-arresto-de-un-ladron-por-un-intento-de-allanamiento","status":"publish","type":"page","link":"https:\/\/diarioelpopular.com\/index.php\/imagenes-de-dron-de-la-policia-de-durham-capturan-el-arresto-de-un-ladron-por-un-intento-de-allanamiento\/","title":{"rendered":"Im\u00e1genes de dron de la polic\u00eda de Durham capturan el arresto de un ladr\u00f3n por un intento de allanamiento"},"content":{"rendered":"<p><img loading=\"lazy\" decoding=\"async\" class=\"alignnone size-custom-full-size wp-image-533360\" src=\"https:\/\/diarioelpopular.com\/wp-content\/uploads\/2025\/06\/Screen-Shot-2025-06-24-at-10.22.48-AM-636x359.png\" alt=\"\" width=\"636\" height=\"359\" srcset=\"https:\/\/diarioelpopular.com\/wp-content\/uploads\/2025\/06\/Screen-Shot-2025-06-24-at-10.22.48-AM-636x359.png 636w, https:\/\/diarioelpopular.com\/wp-content\/uploads\/2025\/06\/Screen-Shot-2025-06-24-at-10.22.48-AM-300x169.png 300w, https:\/\/diarioelpopular.com\/wp-content\/uploads\/2025\/06\/Screen-Shot-2025-06-24-at-10.22.48-AM-768x433.png 768w, https:\/\/diarioelpopular.com\/wp-content\/uploads\/2025\/06\/Screen-Shot-2025-06-24-at-10.22.48-AM-129x73.png 129w, https:\/\/diarioelpopular.com\/wp-content\/uploads\/2025\/06\/Screen-Shot-2025-06-24-at-10.22.48-AM.png 858w\" sizes=\"auto, (max-width: 636px) 100vw, 636px\" \/><\/p>\n<p>&nbsp;<\/p>\n<ul>\n<li><em><strong>El Servicio Regional de Polic\u00eda de Durham (DRPS) public\u00f3 im\u00e1genes dram\u00e1ticas de un dron que muestran un arresto tras un intento de allanamiento cerca de Oshawa.<\/strong><\/em><\/li>\n<\/ul>\n<p>&nbsp;<\/p>\n<p>La polic\u00eda afirma que el incidente ocurri\u00f3 poco antes de las 10:30 a. m. del 20 de junio, cuando los agentes acudieron a una propiedad cerca de Solina Road y Baseline Road West en Courtice, Ontario. La propietaria hab\u00eda visto a un hombre desconocido en su propiedad que entrar a la fuerza en la residencia.<\/p>\n<p>Seg\u00fan la polic\u00eda, la propietaria confront\u00f3 al sospechoso grit\u00e1ndole, lo que provoc\u00f3 que el hombre huyera antes de que llegaran los agentes.<\/p>\n<p>Se inici\u00f3 una b\u00fasqueda en la zona y la polic\u00eda despleg\u00f3 la Unidad Canina del DRPS y un equipo de drones para ayudar. Mediante vigilancia a\u00e9rea, el operador del dron localiz\u00f3 al ladr\u00f3n escondido en una zona verde cercana y gui\u00f3 a los agentes hasta su ubicaci\u00f3n.<\/p>\n<p>Fue arrestado sin incidentes, seg\u00fan inform\u00f3 la polic\u00eda. No se reportaron heridos. Davin Singh, de 19 a\u00f1os y residente de Oshawa, est\u00e1 acusado de intento de allanamiento de morada.<\/p>\n<p>Se ruega a cualquier persona que tenga informaci\u00f3n sobre este incidente que se ponga en contacto con el DRPS.<\/p>\n","protected":false},"excerpt":{"rendered":"<p>&nbsp; El Servicio Regional de Polic\u00eda de Durham (DRPS) public\u00f3 im\u00e1genes dram\u00e1ticas de un dron que muestran un arresto tras un intento de allanamiento cerca&hellip;<\/p>\n","protected":false},"author":99,"featured_media":533360,"parent":0,"menu_order":0,"comment_status":"closed","ping_status":"closed","template":"","meta":{"footnotes":""},"class_list":["post-533359","page","type-page","status-publish","has-post-thumbnail","hentry"],"_links":{"self":[{"href":"https:\/\/diarioelpopular.com\/index.php\/wp-json\/wp\/v2\/pages\/533359","targetHints":{"allow":["GET"]}}],"collection":[{"href":"https:\/\/diarioelpopular.com\/index.php\/wp-json\/wp\/v2\/pages"}],"about":[{"href":"https:\/\/diarioelpopular.com\/index.php\/wp-json\/wp\/v2\/types\/page"}],"author":[{"embeddable":true,"href":"https:\/\/diarioelpopular.com\/index.php\/wp-json\/wp\/v2\/users\/99"}],"replies":[{"embeddable":true,"href":"https:\/\/diarioelpopular.com\/index.php\/wp-json\/wp\/v2\/comments?post=533359"}],"version-history":[{"count":1,"href":"https:\/\/diarioelpopular.com\/index.php\/wp-json\/wp\/v2\/pages\/533359\/revisions"}],"predecessor-version":[{"id":533361,"href":"https:\/\/diarioelpopular.com\/index.php\/wp-json\/wp\/v2\/pages\/533359\/revisions\/533361"}],"wp:featuredmedia":[{"embeddable":true,"href":"https:\/\/diarioelpopular.com\/index.php\/wp-json\/wp\/v2\/media\/533360"}],"wp:attachment":[{"href":"https:\/\/diarioelpopular.com\/index.php\/wp-json\/wp\/v2\/media?parent=533359"}],"curies":[{"name":"wp","href":"https:\/\/api.w.org\/{rel}","templated":true}]}}