{"id":536039,"date":"2025-09-15T10:44:33","date_gmt":"2025-09-15T14:44:33","guid":{"rendered":"https:\/\/diarioelpopular.com\/?page_id=536039"},"modified":"2025-09-15T10:44:33","modified_gmt":"2025-09-15T14:44:33","slug":"delincuente-es-buscado-tras-ser-acusado-de-agresion-y-suplantacion-de-policia","status":"publish","type":"page","link":"https:\/\/diarioelpopular.com\/index.php\/delincuente-es-buscado-tras-ser-acusado-de-agresion-y-suplantacion-de-policia\/","title":{"rendered":"Delincuente es buscado tras ser acusado de agresi\u00f3n y suplantaci\u00f3n de polic\u00eda"},"content":{"rendered":"<div id=\"attachment_536040\" style=\"width: 646px\" class=\"wp-caption alignnone\"><img loading=\"lazy\" decoding=\"async\" aria-describedby=\"caption-attachment-536040\" class=\"wp-image-536040 size-custom-full-size\" src=\"https:\/\/diarioelpopular.com\/wp-content\/uploads\/2025\/09\/Screen-Shot-2025-09-15-at-10.34.18-AM-636x474.png\" alt=\"\" width=\"636\" height=\"474\" srcset=\"https:\/\/diarioelpopular.com\/wp-content\/uploads\/2025\/09\/Screen-Shot-2025-09-15-at-10.34.18-AM-636x474.png 636w, https:\/\/diarioelpopular.com\/wp-content\/uploads\/2025\/09\/Screen-Shot-2025-09-15-at-10.34.18-AM-300x223.png 300w, https:\/\/diarioelpopular.com\/wp-content\/uploads\/2025\/09\/Screen-Shot-2025-09-15-at-10.34.18-AM-98x73.png 98w, https:\/\/diarioelpopular.com\/wp-content\/uploads\/2025\/09\/Screen-Shot-2025-09-15-at-10.34.18-AM.png 752w\" sizes=\"auto, (max-width: 636px) 100vw, 636px\" \/><p id=\"caption-attachment-536040\" class=\"wp-caption-text\">Bobby Moyes, de 49 a\u00f1os y residente de Toronto, es buscado por agresi\u00f3n, suplantaci\u00f3n de un agente del orden p\u00fablico y amenazas. Foto: Polic\u00eda de Toronto.<\/p><\/div>\n<p>&nbsp;<\/p>\n<p>&nbsp;<\/p>\n<ul>\n<li><em><strong>La polic\u00eda de Toronto inform\u00f3 que Bobby Moyes, de 49 a\u00f1os, es buscado por agresi\u00f3n, suplantaci\u00f3n de polic\u00eda y proferir amenazas.<\/strong><\/em><\/li>\n<\/ul>\n<p>&nbsp;<\/p>\n<p>El delincuente de Toronto de 49 a\u00f1os es buscado por la polic\u00eda tras ser acusado de suplantar a un polic\u00eda durante una agresi\u00f3n el mes pasado en Scarborough.<\/p>\n<p>Se inform\u00f3 que su investigaci\u00f3n comenz\u00f3 el 9 de agosto, dos d\u00edas despu\u00e9s de que la v\u00edctima cruzara un cruce peatonal en la zona de Birchmount-Ellesmere Rds. antes de tener un altercado con el conductor de un veh\u00edculo que se acercaba a la intersecci\u00f3n.<\/p>\n<p>La polic\u00eda indic\u00f3 que el conductor sali\u00f3 del veh\u00edculo y luego de agredir al otro conductor, amenaz\u00f3 a la v\u00edctima antes de identificarse como agente de polic\u00eda.<\/p>\n<p>&#8220;El acusado no es agente de polic\u00eda&#8221;, declar\u00f3 el agente Viktor Sarudi en un comunicado de prensa.<\/p>\n<p>Bobby Moyes es buscado por agresi\u00f3n, suplantaci\u00f3n de polic\u00eda y proferir amenazas.<\/p>\n<p>Moyes, quien conduc\u00eda un Hyundai Tucson negro, mide 1,83 metros, es corpulento y tiene el pelo canoso.<\/p>\n<p><em><strong>Sujeto de alto riesgo es bucado<\/strong><\/em><\/p>\n<div id=\"attachment_536042\" style=\"width: 646px\" class=\"wp-caption alignnone\"><img loading=\"lazy\" decoding=\"async\" aria-describedby=\"caption-attachment-536042\" class=\"wp-image-536042 size-custom-full-size\" src=\"https:\/\/diarioelpopular.com\/wp-content\/uploads\/2025\/09\/Screen-Shot-2025-09-15-at-10.41.39-AM-1-636x473.png\" alt=\"\" width=\"636\" height=\"473\" srcset=\"https:\/\/diarioelpopular.com\/wp-content\/uploads\/2025\/09\/Screen-Shot-2025-09-15-at-10.41.39-AM-1-636x473.png 636w, https:\/\/diarioelpopular.com\/wp-content\/uploads\/2025\/09\/Screen-Shot-2025-09-15-at-10.41.39-AM-1-300x223.png 300w, https:\/\/diarioelpopular.com\/wp-content\/uploads\/2025\/09\/Screen-Shot-2025-09-15-at-10.41.39-AM-1-98x73.png 98w, https:\/\/diarioelpopular.com\/wp-content\/uploads\/2025\/09\/Screen-Shot-2025-09-15-at-10.41.39-AM-1.png 748w\" sizes=\"auto, (max-width: 636px) 100vw, 636px\" \/><p id=\"caption-attachment-536042\" class=\"wp-caption-text\">Jonathan Shane Beaver, quien ya incumpl\u00eda su toque de queda y las condiciones de sus movimientos, ahora es buscado por dos cargos de incumplimiento de una orden de liberaci\u00f3n, seg\u00fan informa la Polic\u00eda de Hamilton. Foto: Polic\u00eda de Hamilton.<\/p><\/div>\n<p>&nbsp;<\/p>\n<p>La Polic\u00eda de Hamilton busca a un delincuente que representa un alto riesgo para la vida p\u00fablica tras quitarse el dispositivo GPS de su tobillo.<\/p>\n<p>La polic\u00eda inform\u00f3 que recibi\u00f3 un informe de una agencia de monitoreo el viernes, alrededor de las 23:15, indicando que un dispositivo asignado a Jonathan Shane Beaver hab\u00eda sido manipulado y que su \u00faltima ubicaci\u00f3n conocida se encontraba en la zona de Hatt St.-Sydenham Dr. en Dundas.<\/p>\n<p>Beaver, quien ya incumpl\u00eda su toque de queda y las condiciones de su radio de acci\u00f3n, es buscado por dos cargos de incumplimiento de una orden de liberaci\u00f3n.<\/p>\n<p>Beaver fue liberado despu\u00e9s de que la Polic\u00eda Regional de York lo acusara a principios de este a\u00f1o de delitos como allanamiento de morada, posesi\u00f3n no autorizada de un arma de fuego, posesi\u00f3n de un arma de fuego prohibida y disfraz con intenci\u00f3n.<\/p>\n<p>Tiene v\u00ednculos con Hamilton, Brantford, Haldimand-Norfolk, Par\u00eds, Waterloo y las regiones de York y Ni\u00e1gara.<\/p>\n<p>Si lo ven, la polic\u00eda recomienda no acercarse y llamar al 911. Tambi\u00e9n puede contactar a la polic\u00eda al 905-546-3886 o a trav\u00e9s de Crime Stoppers al 1-800-222-8477.<\/p>\n<p><em><strong>Polic\u00eda investiga grave accidente<\/strong><\/em><\/p>\n<p>La polic\u00eda de Hamilton busca testigos tras un grave accidente ocurrido el s\u00e1bado en West Mountain.<\/p>\n<p>La polic\u00eda inform\u00f3 que acudi\u00f3 al lugar del accidente alrededor de las 22:30 en la zona de Mohawk Rd. Oeste-Ashton Rd., entre Upper Paradise Rd. y Garth St., despu\u00e9s de que un ocupante de una camioneta Volkswagen resultara gravemente herido.<\/p>\n<p>La polic\u00eda indic\u00f3 que un testigo se detuvo para ayudar antes de que se produjera otra colisi\u00f3n entre su veh\u00edculo y el Volkswagen, que huy\u00f3 del lugar antes de ser abandonado en las inmediaciones.<\/p>\n","protected":false},"excerpt":{"rendered":"<p>&nbsp; &nbsp; La polic\u00eda de Toronto inform\u00f3 que Bobby Moyes, de 49 a\u00f1os, es buscado por agresi\u00f3n, suplantaci\u00f3n de polic\u00eda y proferir amenazas. &nbsp; El&hellip;<\/p>\n","protected":false},"author":99,"featured_media":0,"parent":0,"menu_order":0,"comment_status":"closed","ping_status":"closed","template":"","meta":{"footnotes":""},"class_list":["post-536039","page","type-page","status-publish","hentry"],"_links":{"self":[{"href":"https:\/\/diarioelpopular.com\/index.php\/wp-json\/wp\/v2\/pages\/536039","targetHints":{"allow":["GET"]}}],"collection":[{"href":"https:\/\/diarioelpopular.com\/index.php\/wp-json\/wp\/v2\/pages"}],"about":[{"href":"https:\/\/diarioelpopular.com\/index.php\/wp-json\/wp\/v2\/types\/page"}],"author":[{"embeddable":true,"href":"https:\/\/diarioelpopular.com\/index.php\/wp-json\/wp\/v2\/users\/99"}],"replies":[{"embeddable":true,"href":"https:\/\/diarioelpopular.com\/index.php\/wp-json\/wp\/v2\/comments?post=536039"}],"version-history":[{"count":1,"href":"https:\/\/diarioelpopular.com\/index.php\/wp-json\/wp\/v2\/pages\/536039\/revisions"}],"predecessor-version":[{"id":536043,"href":"https:\/\/diarioelpopular.com\/index.php\/wp-json\/wp\/v2\/pages\/536039\/revisions\/536043"}],"wp:attachment":[{"href":"https:\/\/diarioelpopular.com\/index.php\/wp-json\/wp\/v2\/media?parent=536039"}],"curies":[{"name":"wp","href":"https:\/\/api.w.org\/{rel}","templated":true}]}}